{"id":648,"date":"2017-06-22T22:21:56","date_gmt":"2017-06-22T22:21:56","guid":{"rendered":"https:\/\/dev.pixelprofessionals.com\/4kenrich\/?page_id=648"},"modified":"2023-02-24T18:22:09","modified_gmt":"2023-02-24T18:22:09","slug":"turkey","status":"publish","type":"page","link":"https:\/\/dev.pixelprofessionals.com\/4kenrich\/international-representatives\/turkey\/","title":{"rendered":"Turkey"},"content":{"rendered":"<img loading=\"lazy\" decoding=\"async\" src=\"https:\/\/dev.pixelprofessionals.com\/4kenrich\/wp-content\/uploads\/2017\/06\/turkey.jpg\" alt=\"\" width=\"150\" height=\"90\" class=\"alignnone size-full wp-image-649\" \/>\r\n<table class=\"international_individual\"><colgroup class=\"international-fields\"><\/colgroup> <colgroup class=\"international-data\"><\/colgroup> <tbody>\r\n  <tr>\r\n    <td>Company Name:<\/td>\r\n    <td>Univar Solutions Kimya Sanayi Limited Sirketi<\/td>\r\n  <\/tr>\r\n  <tr>\r\n    <td>Company Address:<\/td>\r\n    <td>R\u00fczgarl\u0131 Bah\u00e7e Mah.<br>\r\n    \u00c7am P\u0131nar\u0131 Sk.<br>\r\n    No:1\/13<br>\r\n    Kavacik \/ Beykoz<br>\r\n    Istanbul, 34805<br>\r\n    Turkey <\/td>\r\n  <\/tr>\r\n  <tr>\r\n    <td>Representative Contact:<\/td>\r\n    <td><strong>Gokhan Mutlu<\/strong><br>\r\n    Business Development Manager Plastic<\/td>\r\n  <\/tr>\r\n  <tr>\r\n    <td>Tel No.:<\/td>\r\n    <td>0216 425 40 30<\/td>\r\n  <\/tr>\r\n  <tr>\r\n    <td>DD No.:<\/td>\r\n    <td>0216 681 52 22<\/td>\r\n  <\/tr>\r\n<tr>\r\n    <td>Cell No.:<\/td>\r\n    <td>0530 938 89 35<\/td>\r\n  <\/tr>\r\n  <tr>\r\n    <td>Representative Contact:<\/td>\r\n    <td><strong>Gamze Akagunduz<\/strong><br>\r\n    Sales Manager Rubber &#038; Plastic<\/td>\r\n  <\/tr>\r\n<\/tbody>\r\n<\/table>\r\n<p><b>If you wish to contact this distributor via email, please contact Kenrich\u2019s Customer Service at <a href=\"mailto:cu*************@******ch.com\" data-original-string=\"q9njf0jJcMlZWqX6OJruhA==584Dqi0e7mnKnbmlhv1LXZNlvwqogt4WF3sk2zfTYE0\/oU=\" title=\"This contact has been encoded by Anti-Spam by CleanTalk. Click to decode. To finish the decoding make sure that JavaScript is enabled in your browser.\">mailto:cu*************@******ch.com&#8221; data-original-string=&#8221;Nwx\/Pq2MyRnSfLu8Cbrh+A==584sYZ8SnqEYJtek8znttJYEr8CWjmPF5HUR4H2Fc3uaaJjxQiu6BQuk1lL3leOEWp3I7eNx5Lg2zZgcWyixstNnA==&#8221; title=&#8221;This contact has been encoded by Anti-Spam by CleanTalk. Click to decode. To finish the decoding make sure that JavaScript is enabled in your browser.<\/a>. Thank you.<\/b><\/p>","protected":false},"excerpt":{"rendered":"Company Name: Univar Solutions Kimya Sanayi Limited Sirketi Company Address: R\u00fczgarl\u0131 Bah\u00e7e Mah. \u00c7am P\u0131nar\u0131 Sk. No:1\/13 Kavacik \/ Beykoz Istanbul, 34805 Turkey Representative Contact: Gokhan Mutlu Business Development Manager Plastic Tel No.: 0216 425 40 30 DD No.: 0216 681 52 22 Cell No.: 0530 938 89 35 Representative Contact: Gamze Akagunduz Sales Manager [&hellip;]","protected":false},"author":1,"featured_media":0,"parent":8,"menu_order":0,"comment_status":"closed","ping_status":"closed","template":"page.php","meta":{"_acf_changed":false,"footnotes":""},"class_list":["post-648","page","type-page","status-publish","hentry"],"acf":[],"yoast_head":"<!-- This site is optimized with the Yoast SEO plugin v27.3 - https:\/\/yoast.com\/product\/yoast-seo-wordpress\/ -->\n<title>Turkey - Kenrich Petrochemicals<\/title>\n<meta name=\"robots\" content=\"noindex, follow, max-snippet:-1, max-image-preview:large, max-video-preview:-1\" \/>\n<meta property=\"og:locale\" content=\"en_US\" \/>\n<meta property=\"og:type\" content=\"article\" \/>\n<meta property=\"og:title\" content=\"Turkey - Kenrich Petrochemicals\" \/>\n<meta property=\"og:description\" content=\"Company Name: Univar Solutions Kimya Sanayi Limited Sirketi Company Address: R\u00fczgarl\u0131 Bah\u00e7e Mah. \u00c7am P\u0131nar\u0131 Sk. No:1\/13 Kavacik \/ Beykoz Istanbul, 34805 Turkey Representative Contact: Gokhan Mutlu Business Development Manager Plastic Tel No.: 0216 425 40 30 DD No.: 0216 681 52 22 Cell No.: 0530 938 89 35 Representative Contact: Gamze Akagunduz Sales Manager [&hellip;]\" \/>\n<meta property=\"og:url\" content=\"https:\/\/dev.pixelprofessionals.com\/4kenrich\/international-representatives\/turkey\/\" \/>\n<meta property=\"og:site_name\" content=\"Kenrich Petrochemicals\" \/>\n<meta property=\"article:modified_time\" content=\"2023-02-24T18:22:09+00:00\" \/>\n<meta property=\"og:image\" content=\"https:\/\/dev.pixelprofessionals.com\/4kenrich\/wp-content\/uploads\/2017\/06\/turkey.jpg\" \/>\n<meta name=\"twitter:card\" content=\"summary_large_image\" \/>\n<meta name=\"twitter:label1\" content=\"Est. reading time\" \/>\n\t<meta name=\"twitter:data1\" content=\"1 minute\" \/>\n<script type=\"application\/ld+json\" class=\"yoast-schema-graph\">{\"@context\":\"https:\\\/\\\/schema.org\",\"@graph\":[{\"@type\":\"WebPage\",\"@id\":\"https:\\\/\\\/dev.pixelprofessionals.com\\\/4kenrich\\\/international-representatives\\\/turkey\\\/\",\"url\":\"https:\\\/\\\/dev.pixelprofessionals.com\\\/4kenrich\\\/international-representatives\\\/turkey\\\/\",\"name\":\"Turkey - Kenrich Petrochemicals\",\"isPartOf\":{\"@id\":\"https:\\\/\\\/dev.pixelprofessionals.com\\\/4kenrich\\\/#website\"},\"primaryImageOfPage\":{\"@id\":\"https:\\\/\\\/dev.pixelprofessionals.com\\\/4kenrich\\\/international-representatives\\\/turkey\\\/#primaryimage\"},\"image\":{\"@id\":\"https:\\\/\\\/dev.pixelprofessionals.com\\\/4kenrich\\\/international-representatives\\\/turkey\\\/#primaryimage\"},\"thumbnailUrl\":\"https:\\\/\\\/dev.pixelprofessionals.com\\\/4kenrich\\\/wp-content\\\/uploads\\\/2017\\\/06\\\/turkey.jpg\",\"datePublished\":\"2017-06-22T22:21:56+00:00\",\"dateModified\":\"2023-02-24T18:22:09+00:00\",\"breadcrumb\":{\"@id\":\"https:\\\/\\\/dev.pixelprofessionals.com\\\/4kenrich\\\/international-representatives\\\/turkey\\\/#breadcrumb\"},\"inLanguage\":\"en-US\",\"potentialAction\":[{\"@type\":\"ReadAction\",\"target\":[\"https:\\\/\\\/dev.pixelprofessionals.com\\\/4kenrich\\\/international-representatives\\\/turkey\\\/\"]}]},{\"@type\":\"ImageObject\",\"inLanguage\":\"en-US\",\"@id\":\"https:\\\/\\\/dev.pixelprofessionals.com\\\/4kenrich\\\/international-representatives\\\/turkey\\\/#primaryimage\",\"url\":\"https:\\\/\\\/dev.pixelprofessionals.com\\\/4kenrich\\\/wp-content\\\/uploads\\\/2017\\\/06\\\/turkey.jpg\",\"contentUrl\":\"https:\\\/\\\/dev.pixelprofessionals.com\\\/4kenrich\\\/wp-content\\\/uploads\\\/2017\\\/06\\\/turkey.jpg\",\"width\":150,\"height\":90},{\"@type\":\"BreadcrumbList\",\"@id\":\"https:\\\/\\\/dev.pixelprofessionals.com\\\/4kenrich\\\/international-representatives\\\/turkey\\\/#breadcrumb\",\"itemListElement\":[{\"@type\":\"ListItem\",\"position\":1,\"name\":\"Home\",\"item\":\"https:\\\/\\\/dev.pixelprofessionals.com\\\/4kenrich\\\/\"},{\"@type\":\"ListItem\",\"position\":2,\"name\":\"International Representatives\",\"item\":\"https:\\\/\\\/dev.pixelprofessionals.com\\\/4kenrich\\\/international-representatives\\\/\"},{\"@type\":\"ListItem\",\"position\":3,\"name\":\"Turkey\"}]},{\"@type\":\"WebSite\",\"@id\":\"https:\\\/\\\/dev.pixelprofessionals.com\\\/4kenrich\\\/#website\",\"url\":\"https:\\\/\\\/dev.pixelprofessionals.com\\\/4kenrich\\\/\",\"name\":\"Kenrich Petrochemicals\",\"description\":\"\",\"potentialAction\":[{\"@type\":\"SearchAction\",\"target\":{\"@type\":\"EntryPoint\",\"urlTemplate\":\"https:\\\/\\\/dev.pixelprofessionals.com\\\/4kenrich\\\/?s={search_term_string}\"},\"query-input\":{\"@type\":\"PropertyValueSpecification\",\"valueRequired\":true,\"valueName\":\"search_term_string\"}}],\"inLanguage\":\"en-US\"}]}<\/script>\n<!-- \/ Yoast SEO plugin. -->","yoast_head_json":{"title":"Turkey - Kenrich Petrochemicals","robots":{"index":"noindex","follow":"follow","max-snippet":"max-snippet:-1","max-image-preview":"max-image-preview:large","max-video-preview":"max-video-preview:-1"},"og_locale":"en_US","og_type":"article","og_title":"Turkey - Kenrich Petrochemicals","og_description":"Company Name: Univar Solutions Kimya Sanayi Limited Sirketi Company Address: R\u00fczgarl\u0131 Bah\u00e7e Mah. \u00c7am P\u0131nar\u0131 Sk. No:1\/13 Kavacik \/ Beykoz Istanbul, 34805 Turkey Representative Contact: Gokhan Mutlu Business Development Manager Plastic Tel No.: 0216 425 40 30 DD No.: 0216 681 52 22 Cell No.: 0530 938 89 35 Representative Contact: Gamze Akagunduz Sales Manager [&hellip;]","og_url":"https:\/\/dev.pixelprofessionals.com\/4kenrich\/international-representatives\/turkey\/","og_site_name":"Kenrich Petrochemicals","article_modified_time":"2023-02-24T18:22:09+00:00","og_image":[{"url":"https:\/\/dev.pixelprofessionals.com\/4kenrich\/wp-content\/uploads\/2017\/06\/turkey.jpg","type":"","width":"","height":""}],"twitter_card":"summary_large_image","twitter_misc":{"Est. reading time":"1 minute"},"schema":{"@context":"https:\/\/schema.org","@graph":[{"@type":"WebPage","@id":"https:\/\/dev.pixelprofessionals.com\/4kenrich\/international-representatives\/turkey\/","url":"https:\/\/dev.pixelprofessionals.com\/4kenrich\/international-representatives\/turkey\/","name":"Turkey - Kenrich Petrochemicals","isPartOf":{"@id":"https:\/\/dev.pixelprofessionals.com\/4kenrich\/#website"},"primaryImageOfPage":{"@id":"https:\/\/dev.pixelprofessionals.com\/4kenrich\/international-representatives\/turkey\/#primaryimage"},"image":{"@id":"https:\/\/dev.pixelprofessionals.com\/4kenrich\/international-representatives\/turkey\/#primaryimage"},"thumbnailUrl":"https:\/\/dev.pixelprofessionals.com\/4kenrich\/wp-content\/uploads\/2017\/06\/turkey.jpg","datePublished":"2017-06-22T22:21:56+00:00","dateModified":"2023-02-24T18:22:09+00:00","breadcrumb":{"@id":"https:\/\/dev.pixelprofessionals.com\/4kenrich\/international-representatives\/turkey\/#breadcrumb"},"inLanguage":"en-US","potentialAction":[{"@type":"ReadAction","target":["https:\/\/dev.pixelprofessionals.com\/4kenrich\/international-representatives\/turkey\/"]}]},{"@type":"ImageObject","inLanguage":"en-US","@id":"https:\/\/dev.pixelprofessionals.com\/4kenrich\/international-representatives\/turkey\/#primaryimage","url":"https:\/\/dev.pixelprofessionals.com\/4kenrich\/wp-content\/uploads\/2017\/06\/turkey.jpg","contentUrl":"https:\/\/dev.pixelprofessionals.com\/4kenrich\/wp-content\/uploads\/2017\/06\/turkey.jpg","width":150,"height":90},{"@type":"BreadcrumbList","@id":"https:\/\/dev.pixelprofessionals.com\/4kenrich\/international-representatives\/turkey\/#breadcrumb","itemListElement":[{"@type":"ListItem","position":1,"name":"Home","item":"https:\/\/dev.pixelprofessionals.com\/4kenrich\/"},{"@type":"ListItem","position":2,"name":"International Representatives","item":"https:\/\/dev.pixelprofessionals.com\/4kenrich\/international-representatives\/"},{"@type":"ListItem","position":3,"name":"Turkey"}]},{"@type":"WebSite","@id":"https:\/\/dev.pixelprofessionals.com\/4kenrich\/#website","url":"https:\/\/dev.pixelprofessionals.com\/4kenrich\/","name":"Kenrich Petrochemicals","description":"","potentialAction":[{"@type":"SearchAction","target":{"@type":"EntryPoint","urlTemplate":"https:\/\/dev.pixelprofessionals.com\/4kenrich\/?s={search_term_string}"},"query-input":{"@type":"PropertyValueSpecification","valueRequired":true,"valueName":"search_term_string"}}],"inLanguage":"en-US"}]}},"_links":{"self":[{"href":"https:\/\/dev.pixelprofessionals.com\/4kenrich\/wp-json\/wp\/v2\/pages\/648","targetHints":{"allow":["GET"]}}],"collection":[{"href":"https:\/\/dev.pixelprofessionals.com\/4kenrich\/wp-json\/wp\/v2\/pages"}],"about":[{"href":"https:\/\/dev.pixelprofessionals.com\/4kenrich\/wp-json\/wp\/v2\/types\/page"}],"author":[{"embeddable":true,"href":"https:\/\/dev.pixelprofessionals.com\/4kenrich\/wp-json\/wp\/v2\/users\/1"}],"replies":[{"embeddable":true,"href":"https:\/\/dev.pixelprofessionals.com\/4kenrich\/wp-json\/wp\/v2\/comments?post=648"}],"version-history":[{"count":8,"href":"https:\/\/dev.pixelprofessionals.com\/4kenrich\/wp-json\/wp\/v2\/pages\/648\/revisions"}],"predecessor-version":[{"id":1354,"href":"https:\/\/dev.pixelprofessionals.com\/4kenrich\/wp-json\/wp\/v2\/pages\/648\/revisions\/1354"}],"up":[{"embeddable":true,"href":"https:\/\/dev.pixelprofessionals.com\/4kenrich\/wp-json\/wp\/v2\/pages\/8"}],"wp:attachment":[{"href":"https:\/\/dev.pixelprofessionals.com\/4kenrich\/wp-json\/wp\/v2\/media?parent=648"}],"curies":[{"name":"wp","href":"https:\/\/api.w.org\/{rel}","templated":true}]}}